{"id":90,"date":"2019-02-26T11:12:01","date_gmt":"2019-02-26T11:12:01","guid":{"rendered":"http:\/\/gustav-luedemann.de\/?page_id=90"},"modified":"2021-07-08T14:34:03","modified_gmt":"2021-07-08T14:34:03","slug":"impressum","status":"publish","type":"page","link":"https:\/\/gustav-luedemann.de\/?page_id=90","title":{"rendered":"Impressum"},"content":{"rendered":"<p><a href=\"#\"><img decoding=\"async\" loading=\"lazy\" class=\"alignleft size-full wp-image-170\" src=\"https:\/\/gustav-luedemann.de\/wp-content\/uploads\/2019\/03\/Birkens\u00e4mling-e1551690902987.jpg\" alt=\"Birkens\u00e4mling\" width=\"1500\" height=\"330\" srcset=\"https:\/\/gustav-luedemann.de\/wp-content\/uploads\/2019\/03\/Birkens\u00e4mling-e1551690902987.jpg 1500w, https:\/\/gustav-luedemann.de\/wp-content\/uploads\/2019\/03\/Birkens\u00e4mling-e1551690902987-300x66.jpg 300w, https:\/\/gustav-luedemann.de\/wp-content\/uploads\/2019\/03\/Birkens\u00e4mling-e1551690902987-768x169.jpg 768w, https:\/\/gustav-luedemann.de\/wp-content\/uploads\/2019\/03\/Birkens\u00e4mling-e1551690902987-1024x225.jpg 1024w\" sizes=\"(max-width: 1500px) 100vw, 1500px\" \/><\/a><\/p>\n<div align=\"left\">\n<p><span class=\"copynormalKlein\">Dies ist ein gewerbliches Angebot der:<\/span><\/p>\n<p><span class=\"copybold\">Gustav L\u00fcdemann GmbH<br \/>\nDorfplatz 1<br \/>\n29559 Wrestedt OT-Bollensen <\/span><\/p>\n<\/div>\n<p align=\"left\">Telefon: 05825 &#8211; 8115<br \/>\nTelefax: 05825 &#8211; 8214<br \/>\nE-Mail: <a href=\"mailto:info@gustav-luedemann.de\">info@gustav-luedemann.de<\/a><br \/>\n<a href=\"http:\/\/www.gustav-luedemann.de\" target=\"_blank\" rel=\"noopener noreferrer\">www.gustav-luedemann.de <\/a><\/p>\n<p>Sitz der Gesellschaft: Wieren<br \/>\nSteuer-Nr. : 47\/201\/00073<br \/>\nHandelsregister:<br \/>\nL\u00fcneburg HRB 200067<br \/>\nUst-ID-Nr. : DE 814591891<\/p>\n<p align=\"left\"><span class=\"unnamed1\">Gesch\u00e4ftsf\u00fchrer:<br \/>\nDipl.-Ing. Frank Hauptmann<br \/>\nDipl.-Ing. Jan-H. L\u00fcdemann<\/span><\/p>\n<p>Verantwortlich f\u00fcr den Inhalt:<br \/>\nDipl.-Ing. Jan-H. L\u00fcdemann<\/p>\n<p><span class=\"h2normal\"><span class=\"unnamed1\">Fotos: Gustav L\u00fcdemann GmbH<\/span><\/span><\/p>\n<p><span class=\"Verdana12Fett Stil7\"><b><span class=\"copyboldGr\u00fcn\">Haftungsausschluss<\/span><\/b><\/span><br \/>\n<span class=\"verdana10\"><br \/>\nMit dem Urteil vom 12. Mai 1998 hat das Landgericht Hamburg entschieden, dass man durch Ausbringen eines Links die Inhalte der gelinkten Seite ggf. mit zu verantworten hat. Dies kann, so das LG, nur dadurch verhindert werden, wenn man sich ausdr\u00fccklich von diesen Inhalten distanziert.<\/span><\/p>\n<p><span class=\"verdana10\">F\u00fcr alle Links gilt daher: Wir erkl\u00e4ren ausdr\u00fccklich, da\u00df wir keinerlei Einfluss auf die Gestaltung und die Inhalte der gelinkten Seiten haben und uns sich hiermit ausdr\u00fccklich von allen Inhalten dieser Seiten distanzieren und keine Haftung f\u00fcr diese \u00fcbernehmen.<\/span><\/p>\n","protected":false},"excerpt":{"rendered":"Dies ist ein gewerbliches Angebot der: Gustav L\u00fcdemann GmbH Dorfplatz 1 29559 Wrestedt [&hellip;]","protected":false},"author":1,"featured_media":0,"parent":0,"menu_order":0,"comment_status":"closed","ping_status":"closed","template":"","meta":[],"_links":{"self":[{"href":"https:\/\/gustav-luedemann.de\/index.php?rest_route=\/wp\/v2\/pages\/90"}],"collection":[{"href":"https:\/\/gustav-luedemann.de\/index.php?rest_route=\/wp\/v2\/pages"}],"about":[{"href":"https:\/\/gustav-luedemann.de\/index.php?rest_route=\/wp\/v2\/types\/page"}],"author":[{"embeddable":true,"href":"https:\/\/gustav-luedemann.de\/index.php?rest_route=\/wp\/v2\/users\/1"}],"replies":[{"embeddable":true,"href":"https:\/\/gustav-luedemann.de\/index.php?rest_route=%2Fwp%2Fv2%2Fcomments&post=90"}],"version-history":[{"count":11,"href":"https:\/\/gustav-luedemann.de\/index.php?rest_route=\/wp\/v2\/pages\/90\/revisions"}],"predecessor-version":[{"id":313,"href":"https:\/\/gustav-luedemann.de\/index.php?rest_route=\/wp\/v2\/pages\/90\/revisions\/313"}],"wp:attachment":[{"href":"https:\/\/gustav-luedemann.de\/index.php?rest_route=%2Fwp%2Fv2%2Fmedia&parent=90"}],"curies":[{"name":"wp","href":"https:\/\/api.w.org\/{rel}","templated":true}]}}