{"id":40,"date":"2019-02-11T11:19:10","date_gmt":"2019-02-11T11:19:10","guid":{"rendered":"http:\/\/gustav-luedemann.de\/?page_id=40"},"modified":"2025-11-12T08:20:27","modified_gmt":"2025-11-12T08:20:27","slug":"produkte","status":"publish","type":"page","link":"https:\/\/gustav-luedemann.de\/?page_id=40","title":{"rendered":"Produkte"},"content":{"rendered":"<p><a href=\"#\"><img decoding=\"async\" loading=\"lazy\" class=\"alignleft size-full wp-image-281\" src=\"https:\/\/gustav-luedemann.de\/wp-content\/uploads\/2019\/03\/S\u00e4mlinge-mit-Greta-1-e1553676140431.jpg\" alt=\"S\u00e4mlinge mit Greta\" width=\"4272\" height=\"1196\" srcset=\"https:\/\/gustav-luedemann.de\/wp-content\/uploads\/2019\/03\/S\u00e4mlinge-mit-Greta-1-e1553676140431.jpg 4272w, https:\/\/gustav-luedemann.de\/wp-content\/uploads\/2019\/03\/S\u00e4mlinge-mit-Greta-1-e1553676140431-300x84.jpg 300w, https:\/\/gustav-luedemann.de\/wp-content\/uploads\/2019\/03\/S\u00e4mlinge-mit-Greta-1-e1553676140431-768x215.jpg 768w, https:\/\/gustav-luedemann.de\/wp-content\/uploads\/2019\/03\/S\u00e4mlinge-mit-Greta-1-e1553676140431-1024x287.jpg 1024w, https:\/\/gustav-luedemann.de\/wp-content\/uploads\/2019\/03\/S\u00e4mlinge-mit-Greta-1-e1553676140431-720x202.jpg 720w\" sizes=\"(max-width: 4272px) 100vw, 4272px\" \/><\/a><\/p>\r\n<p>Unser umfassendes Produktsortiment ist ganz auf die Bed\u00fcrfnisse und W\u00fcnsche der modernen Forstwirtschaft abgestimmt. Bereits seit \u00fcber 140 Jahren liefern wir bodenfrische Laub- und Nadelgeh\u00f6lze f\u00fcr Forstpflanzen. \u00dcberwiegend ziehen wir Sonder- und Kontrollzeichenherk\u00fcnfte an. Dass bei einer traditionsreichen Firma wie die Gustav L\u00fcdemann GmbH eine hohe Qualit\u00e4t der Pflanzen im Vordergrund steht, versteht sich von selbst. Aber auch der Service stimmt!<\/p>\r\n<p><!-- \/wp:paragraph --><\/p>\r\n<p><!-- wp:paragraph {\"customTextColor\":\"#f49719\",\"className\":\"#f49719\"} --><\/p>\r\n<h4 class=\"has-text-color #f49719\"><span style=\"color: #ff9900;\"><em>Wir freuen uns auf Ihren Anruf\u00a0 &#8211; 05825 \/ 8115 oder schreiben Sie uns eine E-mail.<br \/>Die gesamte Sortiments\u00fcberischt finden Sie hier: \u00a0<\/em><\/span><span style=\"color: #ff00ff;\"><em><strong><a style=\"color: #ff00ff;\" href=\"https:\/\/gustav-luedemann.de\/wp-content\/uploads\/2025\/11\/Katalog-2025-2026.pdf\" target=\"_blank\" rel=\"noopener\">Katalog und Preise<\/a><\/strong><\/em><\/span><\/h4>\r\n<p><a href=\"https:\/\/gustav-luedemann.de\/wp-content\/uploads\/2019\/03\/sortimentsuebersicht-1.jpg\"><img decoding=\"async\" loading=\"lazy\" class=\"aligncenter size-full wp-image-295\" src=\"https:\/\/gustav-luedemann.de\/wp-content\/uploads\/2019\/03\/sortimentsuebersicht-1.jpg\" alt=\"sortimentsuebersicht\" width=\"1241\" height=\"875\" srcset=\"https:\/\/gustav-luedemann.de\/wp-content\/uploads\/2019\/03\/sortimentsuebersicht-1.jpg 1241w, https:\/\/gustav-luedemann.de\/wp-content\/uploads\/2019\/03\/sortimentsuebersicht-1-300x212.jpg 300w, https:\/\/gustav-luedemann.de\/wp-content\/uploads\/2019\/03\/sortimentsuebersicht-1-768x541.jpg 768w, https:\/\/gustav-luedemann.de\/wp-content\/uploads\/2019\/03\/sortimentsuebersicht-1-1024x722.jpg 1024w, https:\/\/gustav-luedemann.de\/wp-content\/uploads\/2019\/03\/sortimentsuebersicht-1-720x508.jpg 720w\" sizes=\"(max-width: 1241px) 100vw, 1241px\" \/><\/a> <a href=\"#\"><img decoding=\"async\" loading=\"lazy\" class=\"alignright size-full wp-image-151\" src=\"https:\/\/gustav-luedemann.de\/wp-content\/uploads\/2019\/03\/Aussaat.jpg\" alt=\"Aussaat\" width=\"320\" height=\"480\" srcset=\"https:\/\/gustav-luedemann.de\/wp-content\/uploads\/2019\/03\/Aussaat.jpg 320w, https:\/\/gustav-luedemann.de\/wp-content\/uploads\/2019\/03\/Aussaat-200x300.jpg 200w\" sizes=\"(max-width: 320px) 100vw, 320px\" \/><\/a><\/p>","protected":false},"excerpt":{"rendered":"Unser umfassendes Produktsortiment ist ganz auf die Bed\u00fcrfnisse und W\u00fcnsche der modernen Forstwirtschaft [&hellip;]","protected":false},"author":1,"featured_media":0,"parent":0,"menu_order":0,"comment_status":"closed","ping_status":"closed","template":"","meta":[],"_links":{"self":[{"href":"https:\/\/gustav-luedemann.de\/index.php?rest_route=\/wp\/v2\/pages\/40"}],"collection":[{"href":"https:\/\/gustav-luedemann.de\/index.php?rest_route=\/wp\/v2\/pages"}],"about":[{"href":"https:\/\/gustav-luedemann.de\/index.php?rest_route=\/wp\/v2\/types\/page"}],"author":[{"embeddable":true,"href":"https:\/\/gustav-luedemann.de\/index.php?rest_route=\/wp\/v2\/users\/1"}],"replies":[{"embeddable":true,"href":"https:\/\/gustav-luedemann.de\/index.php?rest_route=%2Fwp%2Fv2%2Fcomments&post=40"}],"version-history":[{"count":31,"href":"https:\/\/gustav-luedemann.de\/index.php?rest_route=\/wp\/v2\/pages\/40\/revisions"}],"predecessor-version":[{"id":325,"href":"https:\/\/gustav-luedemann.de\/index.php?rest_route=\/wp\/v2\/pages\/40\/revisions\/325"}],"wp:attachment":[{"href":"https:\/\/gustav-luedemann.de\/index.php?rest_route=%2Fwp%2Fv2%2Fmedia&parent=40"}],"curies":[{"name":"wp","href":"https:\/\/api.w.org\/{rel}","templated":true}]}}